{"id":1262,"date":"2025-05-25T06:56:11","date_gmt":"2025-05-25T06:56:11","guid":{"rendered":"https:\/\/plum-gnu-647503.hostingersite.com\/?page_id=1262"},"modified":"2026-02-02T20:52:23","modified_gmt":"2026-02-02T20:52:23","slug":"driver","status":"publish","type":"page","link":"https:\/\/kruzride.com\/es\/driver\/","title":{"rendered":"conductor"},"content":{"rendered":"<div data-elementor-type=\"wp-page\" data-elementor-id=\"1262\" class=\"elementor elementor-1262\">\n\t\t\t\t<div class=\"elementor-element elementor-element-3560fa36 e-con-full e-flex e-con e-parent\" data-id=\"3560fa36\" data-element_type=\"container\" data-settings=\"{&quot;background_background&quot;:&quot;classic&quot;}\">\n\t\t\t\t<div class=\"elementor-element elementor-element-3cdc7e38 elementor-widget elementor-widget-heading\" data-id=\"3cdc7e38\" data-element_type=\"widget\" data-widget_type=\"heading.default\">\n\t\t\t\t\t<h1 class=\"elementor-heading-title elementor-size-default\">Quieres empezar a conducir con Kruz?<\/h1>\t\t\t\t<\/div>\n\t\t\t\t<div class=\"elementor-element elementor-element-7353489a elementor-widget__width-initial elementor-widget elementor-widget-heading\" data-id=\"7353489a\" data-element_type=\"widget\" data-widget_type=\"heading.default\">\n\t\t\t\t\t<h5 class=\"elementor-heading-title elementor-size-default\">Inicia tu solicitud hoy y forma parte de la red de viajes locales m\u00e1s confiable de Estados Unidos.\n<\/h5>\t\t\t\t<\/div>\n\t\t<div class=\"elementor-element elementor-element-2505a62f e-flex e-con-boxed e-con e-child\" data-id=\"2505a62f\" data-element_type=\"container\">\n\t\t\t\t\t<div class=\"e-con-inner\">\n\t\t\t\t<div class=\"elementor-element elementor-element-1690dce2 elementor-tablet-align-center elementor-widget elementor-widget-button\" data-id=\"1690dce2\" data-element_type=\"widget\" data-widget_type=\"button.default\">\n\t\t\t\t\t\t\t\t\t\t<a class=\"elementor-button elementor-button-link elementor-size-sm\" href=\"#\">\n\t\t\t\t\t\t<span class=\"elementor-button-content-wrapper\">\n\t\t\t\t\t\t\t\t\t<span class=\"elementor-button-text\">Aplica ahora!<\/span>\n\t\t\t\t\t<\/span>\n\t\t\t\t\t<\/a>\n\t\t\t\t\t\t\t\t<\/div>\n\t\t\t\t\t<\/div>\n\t\t\t\t<\/div>\n\t\t\t\t<\/div>\n\t\t<div class=\"elementor-element elementor-element-5689fa7a e-con-full e-flex e-con e-parent\" data-id=\"5689fa7a\" data-element_type=\"container\" data-settings=\"{&quot;background_background&quot;:&quot;classic&quot;}\">\n\t\t<div class=\"elementor-element elementor-element-42ea9ce9 e-con-full e-flex e-con e-child\" data-id=\"42ea9ce9\" data-element_type=\"container\">\n\t\t\t\t<div class=\"elementor-element elementor-element-52035b0 elementor-widget__width-inherit elementor-widget elementor-widget-image\" data-id=\"52035b0\" data-element_type=\"widget\" data-widget_type=\"image.default\">\n\t\t\t\t\t\t\t\t\t\t\t\t\t\t\t<img fetchpriority=\"high\" decoding=\"async\" width=\"1024\" height=\"683\" src=\"https:\/\/plum-gnu-647503.hostingersite.com\/wp-content\/uploads\/2025\/11\/Be-Your-Own-Boss-Drive-on-Your-Schedule-1024x683.jpg\" class=\"attachment-large size-large wp-image-1991\" alt=\"\" srcset=\"https:\/\/kruzride.com\/wp-content\/uploads\/2025\/11\/Be-Your-Own-Boss-Drive-on-Your-Schedule-1024x683.jpg 1024w, https:\/\/kruzride.com\/wp-content\/uploads\/2025\/11\/Be-Your-Own-Boss-Drive-on-Your-Schedule-300x200.jpg 300w, https:\/\/kruzride.com\/wp-content\/uploads\/2025\/11\/Be-Your-Own-Boss-Drive-on-Your-Schedule-768x512.jpg 768w, https:\/\/kruzride.com\/wp-content\/uploads\/2025\/11\/Be-Your-Own-Boss-Drive-on-Your-Schedule-1536x1024.jpg 1536w, https:\/\/kruzride.com\/wp-content\/uploads\/2025\/11\/Be-Your-Own-Boss-Drive-on-Your-Schedule-2048x1366.jpg 2048w, https:\/\/kruzride.com\/wp-content\/uploads\/2025\/11\/Be-Your-Own-Boss-Drive-on-Your-Schedule-18x12.jpg 18w, https:\/\/kruzride.com\/wp-content\/uploads\/2025\/11\/Be-Your-Own-Boss-Drive-on-Your-Schedule-370x247.jpg 370w, https:\/\/kruzride.com\/wp-content\/uploads\/2025\/11\/Be-Your-Own-Boss-Drive-on-Your-Schedule-770x514.jpg 770w, https:\/\/kruzride.com\/wp-content\/uploads\/2025\/11\/Be-Your-Own-Boss-Drive-on-Your-Schedule-940x627.jpg 940w\" sizes=\"(max-width: 1024px) 100vw, 1024px\" \/>\t\t\t\t\t\t\t\t\t\t\t\t\t\t\t<\/div>\n\t\t\t\t<\/div>\n\t\t<div class=\"elementor-element elementor-element-7a66cbed e-con-full e-flex e-con e-child\" data-id=\"7a66cbed\" data-element_type=\"container\">\n\t\t\t\t<div class=\"elementor-element elementor-element-704a1e67 elementor-widget elementor-widget-heading\" data-id=\"704a1e67\" data-element_type=\"widget\" data-widget_type=\"heading.default\">\n\t\t\t\t\t<h3 class=\"elementor-heading-title elementor-size-default\">Convi\u00e9rtete en tu propio jefe y maneja cuando quieras<\/h3>\t\t\t\t<\/div>\n\t\t\t\t<div class=\"elementor-element elementor-element-4a3001a7 elementor-widget elementor-widget-text-editor\" data-id=\"4a3001a7\" data-element_type=\"widget\" data-widget_type=\"text-editor.default\">\n\t\t\t\t\t\t\t\t\t<p>Define tus horarios, selecciona tus zonas de servicio y gana a tu manera. Con Kruz, tienes la libertad de trabajar cuando y donde quieras, seas residente o est\u00e9s de paso.<\/p>\t\t\t\t\t\t\t\t<\/div>\n\t\t\t\t<\/div>\n\t\t\t\t<\/div>\n\t\t<div class=\"elementor-element elementor-element-f4a9f1b e-con-full e-flex e-con e-parent\" data-id=\"f4a9f1b\" data-element_type=\"container\" data-settings=\"{&quot;background_background&quot;:&quot;classic&quot;}\">\n\t\t<div class=\"elementor-element elementor-element-36e4fee e-con-full e-flex e-con e-child\" data-id=\"36e4fee\" data-element_type=\"container\">\n\t\t\t\t<div class=\"elementor-element elementor-element-057f7eb elementor-widget elementor-widget-heading\" data-id=\"057f7eb\" data-element_type=\"widget\" data-widget_type=\"heading.default\">\n\t\t\t\t\t<h3 class=\"elementor-heading-title elementor-size-default\">Ganancias y Bonos R\u00e1pidos y Claros<\/h3>\t\t\t\t<\/div>\n\t\t\t\t<div class=\"elementor-element elementor-element-7f41149 elementor-widget elementor-widget-text-editor\" data-id=\"7f41149\" data-element_type=\"widget\" data-widget_type=\"text-editor.default\">\n\t\t\t\t\t\t\t\t\tRecibe pagos r\u00e1pidamente despu\u00e9s de cada viaje. Adem\u00e1s, gana extra durante las horas pico y en zonas concurridas con incentivos y bonificaciones por desempe\u00f1o en toda Florida. \t\t\t\t\t\t\t\t<\/div>\n\t\t\t\t<\/div>\n\t\t<div class=\"elementor-element elementor-element-288d769 e-con-full e-flex e-con e-child\" data-id=\"288d769\" data-element_type=\"container\">\n\t\t\t\t<div class=\"elementor-element elementor-element-6f32a96 elementor-widget__width-inherit elementor-widget elementor-widget-image\" data-id=\"6f32a96\" data-element_type=\"widget\" data-widget_type=\"image.default\">\n\t\t\t\t\t\t\t\t\t\t\t\t\t\t\t<img decoding=\"async\" width=\"1024\" height=\"683\" src=\"https:\/\/plum-gnu-647503.hostingersite.com\/wp-content\/uploads\/2025\/11\/Fast-Clear-Earnings-and-Bonuses-1024x683.jpg\" class=\"attachment-large size-large wp-image-1992\" alt=\"\" srcset=\"https:\/\/kruzride.com\/wp-content\/uploads\/2025\/11\/Fast-Clear-Earnings-and-Bonuses-1024x683.jpg 1024w, https:\/\/kruzride.com\/wp-content\/uploads\/2025\/11\/Fast-Clear-Earnings-and-Bonuses-300x200.jpg 300w, https:\/\/kruzride.com\/wp-content\/uploads\/2025\/11\/Fast-Clear-Earnings-and-Bonuses-768x512.jpg 768w, https:\/\/kruzride.com\/wp-content\/uploads\/2025\/11\/Fast-Clear-Earnings-and-Bonuses-1536x1024.jpg 1536w, https:\/\/kruzride.com\/wp-content\/uploads\/2025\/11\/Fast-Clear-Earnings-and-Bonuses-2048x1365.jpg 2048w, https:\/\/kruzride.com\/wp-content\/uploads\/2025\/11\/Fast-Clear-Earnings-and-Bonuses-18x12.jpg 18w, https:\/\/kruzride.com\/wp-content\/uploads\/2025\/11\/Fast-Clear-Earnings-and-Bonuses-370x247.jpg 370w, https:\/\/kruzride.com\/wp-content\/uploads\/2025\/11\/Fast-Clear-Earnings-and-Bonuses-770x513.jpg 770w, https:\/\/kruzride.com\/wp-content\/uploads\/2025\/11\/Fast-Clear-Earnings-and-Bonuses-940x627.jpg 940w\" sizes=\"(max-width: 1024px) 100vw, 1024px\" \/>\t\t\t\t\t\t\t\t\t\t\t\t\t\t\t<\/div>\n\t\t\t\t<\/div>\n\t\t\t\t<\/div>\n\t\t<div class=\"elementor-element elementor-element-7e4949b e-con-full e-flex e-con e-parent\" data-id=\"7e4949b\" data-element_type=\"container\" data-settings=\"{&quot;background_background&quot;:&quot;classic&quot;}\">\n\t\t<div class=\"elementor-element elementor-element-00a826c e-con-full e-flex e-con e-child\" data-id=\"00a826c\" data-element_type=\"container\">\n\t\t\t\t<div class=\"elementor-element elementor-element-ee3ff36 elementor-widget__width-inherit elementor-widget elementor-widget-image\" data-id=\"ee3ff36\" data-element_type=\"widget\" data-widget_type=\"image.default\">\n\t\t\t\t\t\t\t\t\t\t\t\t\t\t\t<img decoding=\"async\" width=\"401\" height=\"862\" src=\"https:\/\/plum-gnu-647503.hostingersite.com\/wp-content\/uploads\/2025\/11\/Easy-Application-Safe-on-the-Road-1-e1762620917836.png\" class=\"attachment-large size-large wp-image-1964\" alt=\"\" srcset=\"https:\/\/kruzride.com\/wp-content\/uploads\/2025\/11\/Easy-Application-Safe-on-the-Road-1-e1762620917836.png 401w, https:\/\/kruzride.com\/wp-content\/uploads\/2025\/11\/Easy-Application-Safe-on-the-Road-1-e1762620917836-140x300.png 140w, https:\/\/kruzride.com\/wp-content\/uploads\/2025\/11\/Easy-Application-Safe-on-the-Road-1-e1762620917836-6x12.png 6w, https:\/\/kruzride.com\/wp-content\/uploads\/2025\/11\/Easy-Application-Safe-on-the-Road-1-e1762620917836-370x795.png 370w\" sizes=\"(max-width: 401px) 100vw, 401px\" \/>\t\t\t\t\t\t\t\t\t\t\t\t\t\t\t<\/div>\n\t\t\t\t<\/div>\n\t\t<div class=\"elementor-element elementor-element-adf1848 e-con-full e-flex e-con e-child\" data-id=\"adf1848\" data-element_type=\"container\">\n\t\t\t\t<div class=\"elementor-element elementor-element-136c06a elementor-widget elementor-widget-heading\" data-id=\"136c06a\" data-element_type=\"widget\" data-widget_type=\"heading.default\">\n\t\t\t\t\t<h3 class=\"elementor-heading-title elementor-size-default\">Start Earning with Kruz in a Few Steps<\/h3>\t\t\t\t<\/div>\n\t\t\t\t<div class=\"elementor-element elementor-element-b84db00 elementor-widget elementor-widget-text-editor\" data-id=\"b84db00\" data-element_type=\"widget\" data-widget_type=\"text-editor.default\">\n\t\t\t\t\t\t\t\t\t<p><strong>Apply in Minutes <\/strong><br \/>Complete a quick online application and meet basic qualifications. <br \/><strong>Get Approved<\/strong><br \/>Once you qualify, you are cleared to start driving. <br \/><strong>Drive on Your Schedule <\/strong><br \/>Choose hours that fit your routine, full time or part time. <br \/><strong>Track Rides and Earnings<\/strong><br \/>The Kruz app keeps all your trip details and earnings in one place. <br \/><strong>Earn More with Kruz<\/strong><br \/>Many drivers take home more than they would with other ride services. <\/p>\t\t\t\t\t\t\t\t<\/div>\n\t\t\t\t<\/div>\n\t\t\t\t<\/div>\n\t\t\t\t<\/div>","protected":false},"excerpt":{"rendered":"<p>Ready to Drive with Kruz? Start your application today and join the USA\u2019s most trusted local ride network. Apply Now ! Be Your Own Boss \u2013 Drive on Your Schedule Set your own hours, choose your service areas, and earn on your terms. Kruz gives you the freedom to work when and where you want, whether you\u2019re a local or&hellip;<\/p>","protected":false},"author":2,"featured_media":0,"parent":0,"menu_order":0,"comment_status":"closed","ping_status":"closed","template":"","meta":{"footnotes":""},"class_list":["post-1262","page","type-page","status-publish","hentry"],"_links":{"self":[{"href":"https:\/\/kruzride.com\/es\/wp-json\/wp\/v2\/pages\/1262","targetHints":{"allow":["GET"]}}],"collection":[{"href":"https:\/\/kruzride.com\/es\/wp-json\/wp\/v2\/pages"}],"about":[{"href":"https:\/\/kruzride.com\/es\/wp-json\/wp\/v2\/types\/page"}],"author":[{"embeddable":true,"href":"https:\/\/kruzride.com\/es\/wp-json\/wp\/v2\/users\/2"}],"replies":[{"embeddable":true,"href":"https:\/\/kruzride.com\/es\/wp-json\/wp\/v2\/comments?post=1262"}],"version-history":[{"count":116,"href":"https:\/\/kruzride.com\/es\/wp-json\/wp\/v2\/pages\/1262\/revisions"}],"predecessor-version":[{"id":2209,"href":"https:\/\/kruzride.com\/es\/wp-json\/wp\/v2\/pages\/1262\/revisions\/2209"}],"wp:attachment":[{"href":"https:\/\/kruzride.com\/es\/wp-json\/wp\/v2\/media?parent=1262"}],"curies":[{"name":"wp","href":"https:\/\/api.w.org\/{rel}","templated":true}]}}